{"id":3140,"date":"2018-09-20T13:39:04","date_gmt":"2018-09-20T11:39:04","guid":{"rendered":"https:\/\/bildhuebsch.cc\/blog\/?page_id=3140"},"modified":"2024-12-21T21:16:42","modified_gmt":"2024-12-21T19:16:42","slug":"home-2","status":"publish","type":"page","link":"https:\/\/bildhuebsch.cc\/blog\/","title":{"rendered":"HOME"},"content":{"rendered":"<pre id=\"tw-target-text\" class=\"tw-data-text tw-ta tw-text-small\" dir=\"ltr\" data-placeholder=\"\u00dcbersetzung\" data-fulltext=\"\"><span lang=\"de\" tabindex=\"0\">Als Hochzeitsfotograf bin ich in den Bereichen N\u00fcrnberg, Erlangen, Forchheim und Bamberg buchbar. Aber auch  \u00fcber die Grenzen der Fr\u00e4nkischen Schweiz hinaus\nDurch meine langj\u00e4hrige Erfahrung auf dem Gebiet der Hochzeitsreportage bin ich viel in Deutschland gereist und freue mich immer, neue Orte zu besuchen.\nUnauff\u00e4llig und mit absolutem Engagement begleite ich Sie an Ihrem ganz besonderen Tag. Ich bin schon seit 2004 verheiratet und f\u00fcr mich ist es immer noch etwas Besonderes.\nDeshalb ist Ihr Hochzeitstag f\u00fcr mich als Hochzeitsfotograf genauso einzigartig wie mein eigener war.<\/span><\/pre>\n","protected":false},"excerpt":{"rendered":"<p>Als Hochzeitsfotograf bin ich in den Bereichen N\u00fcrnberg, Erlangen, Forchheim und Bamberg buchbar. Aber auch \u00fcber die Grenzen der Fr\u00e4nkischen Schweiz hinaus Durch meine langj\u00e4hrige Erfahrung auf dem Gebiet der Hochzeitsreportage bin ich viel in Deutschland gereist und freue mich immer, neue Orte zu besuchen. Unauff\u00e4llig und mit absolutem Engagement begleite ich Sie an Ihrem [&hellip;]<\/p>\n","protected":false},"author":1,"featured_media":0,"parent":0,"menu_order":0,"comment_status":"closed","ping_status":"closed","template":"","meta":[],"_links":{"self":[{"href":"https:\/\/bildhuebsch.cc\/blog\/wp-json\/wp\/v2\/pages\/3140"}],"collection":[{"href":"https:\/\/bildhuebsch.cc\/blog\/wp-json\/wp\/v2\/pages"}],"about":[{"href":"https:\/\/bildhuebsch.cc\/blog\/wp-json\/wp\/v2\/types\/page"}],"author":[{"embeddable":true,"href":"https:\/\/bildhuebsch.cc\/blog\/wp-json\/wp\/v2\/users\/1"}],"replies":[{"embeddable":true,"href":"https:\/\/bildhuebsch.cc\/blog\/wp-json\/wp\/v2\/comments?post=3140"}],"version-history":[{"count":94,"href":"https:\/\/bildhuebsch.cc\/blog\/wp-json\/wp\/v2\/pages\/3140\/revisions"}],"predecessor-version":[{"id":4221,"href":"https:\/\/bildhuebsch.cc\/blog\/wp-json\/wp\/v2\/pages\/3140\/revisions\/4221"}],"wp:attachment":[{"href":"https:\/\/bildhuebsch.cc\/blog\/wp-json\/wp\/v2\/media?parent=3140"}],"curies":[{"name":"wp","href":"https:\/\/api.w.org\/{rel}","templated":true}]}}